{"id":1225,"date":"2022-04-28T12:47:55","date_gmt":"2022-04-28T15:47:55","guid":{"rendered":"https:\/\/agenciatrilhas.com.br\/cris\/?page_id=1225"},"modified":"2022-09-19T14:04:25","modified_gmt":"2022-09-19T17:04:25","slug":"life-coaching","status":"publish","type":"page","link":"https:\/\/agenciatrilhas.com.br\/cris\/life-coaching\/","title":{"rendered":"Life Coaching"},"content":{"rendered":"\t\t<div data-elementor-type=\"wp-page\" data-elementor-id=\"1225\" class=\"elementor elementor-1225\" data-elementor-settings=\"[]\">\n\t\t\t\t\t\t\t<div class=\"elementor-section-wrap\">\n\t\t\t\t\t\t\t<section class=\"elementor-section elementor-top-section elementor-element elementor-element-0af069e elementor-section-boxed elementor-section-height-default elementor-section-height-default\" data-id=\"0af069e\" data-element_type=\"section\" data-settings=\"{&quot;background_background&quot;:&quot;classic&quot;}\">\n\t\t\t\t\t\t\t<div class=\"elementor-background-overlay\"><\/div>\n\t\t\t\t\t\t\t<div class=\"elementor-container elementor-column-gap-no\">\n\t\t\t\t\t<div class=\"elementor-column elementor-col-100 elementor-top-column elementor-element elementor-element-0ea9456\" data-id=\"0ea9456\" data-element_type=\"column\">\n\t\t\t<div class=\"elementor-widget-wrap elementor-element-populated\">\n\t\t\t\t\t\t\t\t\t<\/div>\n\t\t<\/div>\n\t\t\t\t\t\t\t<\/div>\n\t\t<\/section>\n\t\t\t\t<section class=\"elementor-section elementor-top-section elementor-element elementor-element-4cc52a8 elementor-section-boxed elementor-section-height-default elementor-section-height-default\" data-id=\"4cc52a8\" data-element_type=\"section\">\n\t\t\t\t\t\t<div class=\"elementor-container elementor-column-gap-no\">\n\t\t\t\t\t<div class=\"elementor-column elementor-col-100 elementor-top-column elementor-element elementor-element-25a2d6d\" data-id=\"25a2d6d\" data-element_type=\"column\">\n\t\t\t<div class=\"elementor-widget-wrap elementor-element-populated\">\n\t\t\t\t\t\t\t\t<div class=\"elementor-element elementor-element-a8fc5b8 elementor-widget elementor-widget-text-editor\" data-id=\"a8fc5b8\" data-element_type=\"widget\" data-widget_type=\"text-editor.default\">\n\t\t\t\t<div class=\"elementor-widget-container\">\n\t\t\t\t\t<div class=\"elementor-text-editor elementor-clearfix\"><h4>QUAL \u00c9 O OBJETIVO<\/h4><p><span style=\"font-weight: 400;\">Visa proporcionar ao cliente a conquista de um maior equil\u00edbrio em todas as \u00e1reas da sua vida. Nesta modalidade, o cliente informa uma ou duas \u00e1reas de sua vida que merecem mais aten\u00e7\u00e3o para serem trabalhadas <\/span><span style=\"font-weight: 400;\">&#8211; entretanto, ao focar em 1 ou 2 \u00e1reas, os demais pilares tamb\u00e9m acabam sendo trabalhados e impactados.<\/span><span style=\"font-weight: 400;\"> A partir disso, com base em metodologias, t\u00e9cnicas e ferramentas cientificamente comprovadas, \u00e9 realizado o processo de <strong>Master Coach<\/strong> para proporcionar ao cliente um processo de autoconhecimento e autorresponsabilidade sobre os resultados de sua vida.<\/span><\/p><p><b>Entre os principais benef\u00edcios proporcionados pelo Life Coaching, est\u00e3o:\u00a0<\/b><\/p><ul><li style=\"font-weight: 400;\" aria-level=\"1\"><span style=\"font-weight: 400;\">Identifica\u00e7\u00e3o de suas potencialidades;<\/span><\/li><li style=\"font-weight: 400;\" aria-level=\"1\"><span style=\"font-weight: 400;\">Reprograma\u00e7\u00e3o de cren\u00e7as limitantes;<\/span><\/li><li style=\"font-weight: 400;\" aria-level=\"1\"><span style=\"font-weight: 400;\">Cria\u00e7\u00e3o de uma vis\u00e3o clara de sonhos e objetivos;<\/span><\/li><li style=\"font-weight: 400;\" aria-level=\"1\"><span style=\"font-weight: 400;\">Estrutura\u00e7\u00e3o de planos de a\u00e7\u00e3o que leve a alcan\u00e7\u00e1-los de uma forma mais r\u00e1pida e satisfat\u00f3ria.<\/span><\/li><\/ul><\/div>\n\t\t\t\t<\/div>\n\t\t\t\t<\/div>\n\t\t\t\t\t<\/div>\n\t\t<\/div>\n\t\t\t\t\t\t\t<\/div>\n\t\t<\/section>\n\t\t\t\t\t\t<\/div>\n\t\t\t\t\t<\/div>\n\t\t","protected":false},"excerpt":{"rendered":"<p>QUAL \u00c9 O OBJETIVO Visa proporcionar ao cliente a conquista de um maior equil\u00edbrio em todas as \u00e1reas da sua vida. Nesta modalidade, o cliente informa uma ou duas \u00e1reas de sua vida que merecem mais aten\u00e7\u00e3o para serem trabalhadas &#8211; entretanto, ao focar em 1 ou 2 \u00e1reas, os demais pilares tamb\u00e9m acabam sendo [&hellip;]<\/p>\n","protected":false},"author":1,"featured_media":0,"parent":0,"menu_order":0,"comment_status":"closed","ping_status":"closed","template":"","meta":{"footnotes":""},"class_list":["post-1225","page","type-page","status-publish","hentry"],"yoast_head":"<!-- This site is optimized with the Yoast SEO plugin v18.3 - https:\/\/yoast.com\/wordpress\/plugins\/seo\/ -->\n<title>Life Coaching - Cristina Marcussi Bonatto<\/title>\n<meta name=\"robots\" content=\"index, follow, max-snippet:-1, max-image-preview:large, max-video-preview:-1\" \/>\n<link rel=\"canonical\" href=\"https:\/\/agenciatrilhas.com.br\/cris\/life-coaching\/\" \/>\n<meta property=\"og:locale\" content=\"pt_BR\" \/>\n<meta property=\"og:type\" content=\"article\" \/>\n<meta property=\"og:title\" content=\"Life Coaching - Cristina Marcussi Bonatto\" \/>\n<meta property=\"og:description\" content=\"QUAL \u00c9 O OBJETIVO Visa proporcionar ao cliente a conquista de um maior equil\u00edbrio em todas as \u00e1reas da sua vida. Nesta modalidade, o cliente informa uma ou duas \u00e1reas de sua vida que merecem mais aten\u00e7\u00e3o para serem trabalhadas &#8211; entretanto, ao focar em 1 ou 2 \u00e1reas, os demais pilares tamb\u00e9m acabam sendo [&hellip;]\" \/>\n<meta property=\"og:url\" content=\"https:\/\/agenciatrilhas.com.br\/cris\/life-coaching\/\" \/>\n<meta property=\"og:site_name\" content=\"Cristina Marcussi Bonatto\" \/>\n<meta property=\"article:modified_time\" content=\"2022-09-19T17:04:25+00:00\" \/>\n<meta name=\"twitter:card\" content=\"summary_large_image\" \/>\n<meta name=\"twitter:label1\" content=\"Est. tempo de leitura\" \/>\n\t<meta name=\"twitter:data1\" content=\"1 minuto\" \/>\n<script type=\"application\/ld+json\" class=\"yoast-schema-graph\">{\"@context\":\"https:\/\/schema.org\",\"@graph\":[{\"@type\":\"WebSite\",\"@id\":\"https:\/\/agenciatrilhas.com.br\/cris\/#website\",\"url\":\"https:\/\/agenciatrilhas.com.br\/cris\/\",\"name\":\"Cristina Marcussi Bonatto\",\"description\":\"Desenvolvimento\",\"potentialAction\":[{\"@type\":\"SearchAction\",\"target\":{\"@type\":\"EntryPoint\",\"urlTemplate\":\"https:\/\/agenciatrilhas.com.br\/cris\/?s={search_term_string}\"},\"query-input\":\"required name=search_term_string\"}],\"inLanguage\":\"pt-BR\"},{\"@type\":\"WebPage\",\"@id\":\"https:\/\/agenciatrilhas.com.br\/cris\/life-coaching\/#webpage\",\"url\":\"https:\/\/agenciatrilhas.com.br\/cris\/life-coaching\/\",\"name\":\"Life Coaching - Cristina Marcussi Bonatto\",\"isPartOf\":{\"@id\":\"https:\/\/agenciatrilhas.com.br\/cris\/#website\"},\"datePublished\":\"2022-04-28T15:47:55+00:00\",\"dateModified\":\"2022-09-19T17:04:25+00:00\",\"breadcrumb\":{\"@id\":\"https:\/\/agenciatrilhas.com.br\/cris\/life-coaching\/#breadcrumb\"},\"inLanguage\":\"pt-BR\",\"potentialAction\":[{\"@type\":\"ReadAction\",\"target\":[\"https:\/\/agenciatrilhas.com.br\/cris\/life-coaching\/\"]}]},{\"@type\":\"BreadcrumbList\",\"@id\":\"https:\/\/agenciatrilhas.com.br\/cris\/life-coaching\/#breadcrumb\",\"itemListElement\":[{\"@type\":\"ListItem\",\"position\":1,\"name\":\"In\u00edcio\",\"item\":\"https:\/\/agenciatrilhas.com.br\/cris\/\"},{\"@type\":\"ListItem\",\"position\":2,\"name\":\"Life Coaching\"}]}]}<\/script>\n<!-- \/ Yoast SEO plugin. -->","yoast_head_json":{"title":"Life Coaching - Cristina Marcussi Bonatto","robots":{"index":"index","follow":"follow","max-snippet":"max-snippet:-1","max-image-preview":"max-image-preview:large","max-video-preview":"max-video-preview:-1"},"canonical":"https:\/\/agenciatrilhas.com.br\/cris\/life-coaching\/","og_locale":"pt_BR","og_type":"article","og_title":"Life Coaching - Cristina Marcussi Bonatto","og_description":"QUAL \u00c9 O OBJETIVO Visa proporcionar ao cliente a conquista de um maior equil\u00edbrio em todas as \u00e1reas da sua vida. Nesta modalidade, o cliente informa uma ou duas \u00e1reas de sua vida que merecem mais aten\u00e7\u00e3o para serem trabalhadas &#8211; entretanto, ao focar em 1 ou 2 \u00e1reas, os demais pilares tamb\u00e9m acabam sendo [&hellip;]","og_url":"https:\/\/agenciatrilhas.com.br\/cris\/life-coaching\/","og_site_name":"Cristina Marcussi Bonatto","article_modified_time":"2022-09-19T17:04:25+00:00","twitter_card":"summary_large_image","twitter_misc":{"Est. tempo de leitura":"1 minuto"},"schema":{"@context":"https:\/\/schema.org","@graph":[{"@type":"WebSite","@id":"https:\/\/agenciatrilhas.com.br\/cris\/#website","url":"https:\/\/agenciatrilhas.com.br\/cris\/","name":"Cristina Marcussi Bonatto","description":"Desenvolvimento","potentialAction":[{"@type":"SearchAction","target":{"@type":"EntryPoint","urlTemplate":"https:\/\/agenciatrilhas.com.br\/cris\/?s={search_term_string}"},"query-input":"required name=search_term_string"}],"inLanguage":"pt-BR"},{"@type":"WebPage","@id":"https:\/\/agenciatrilhas.com.br\/cris\/life-coaching\/#webpage","url":"https:\/\/agenciatrilhas.com.br\/cris\/life-coaching\/","name":"Life Coaching - Cristina Marcussi Bonatto","isPartOf":{"@id":"https:\/\/agenciatrilhas.com.br\/cris\/#website"},"datePublished":"2022-04-28T15:47:55+00:00","dateModified":"2022-09-19T17:04:25+00:00","breadcrumb":{"@id":"https:\/\/agenciatrilhas.com.br\/cris\/life-coaching\/#breadcrumb"},"inLanguage":"pt-BR","potentialAction":[{"@type":"ReadAction","target":["https:\/\/agenciatrilhas.com.br\/cris\/life-coaching\/"]}]},{"@type":"BreadcrumbList","@id":"https:\/\/agenciatrilhas.com.br\/cris\/life-coaching\/#breadcrumb","itemListElement":[{"@type":"ListItem","position":1,"name":"In\u00edcio","item":"https:\/\/agenciatrilhas.com.br\/cris\/"},{"@type":"ListItem","position":2,"name":"Life Coaching"}]}]}},"_links":{"self":[{"href":"https:\/\/agenciatrilhas.com.br\/cris\/wp-json\/wp\/v2\/pages\/1225","targetHints":{"allow":["GET"]}}],"collection":[{"href":"https:\/\/agenciatrilhas.com.br\/cris\/wp-json\/wp\/v2\/pages"}],"about":[{"href":"https:\/\/agenciatrilhas.com.br\/cris\/wp-json\/wp\/v2\/types\/page"}],"author":[{"embeddable":true,"href":"https:\/\/agenciatrilhas.com.br\/cris\/wp-json\/wp\/v2\/users\/1"}],"replies":[{"embeddable":true,"href":"https:\/\/agenciatrilhas.com.br\/cris\/wp-json\/wp\/v2\/comments?post=1225"}],"version-history":[{"count":34,"href":"https:\/\/agenciatrilhas.com.br\/cris\/wp-json\/wp\/v2\/pages\/1225\/revisions"}],"predecessor-version":[{"id":2211,"href":"https:\/\/agenciatrilhas.com.br\/cris\/wp-json\/wp\/v2\/pages\/1225\/revisions\/2211"}],"wp:attachment":[{"href":"https:\/\/agenciatrilhas.com.br\/cris\/wp-json\/wp\/v2\/media?parent=1225"}],"curies":[{"name":"wp","href":"https:\/\/api.w.org\/{rel}","templated":true}]}}