{"id":1250,"date":"2022-04-28T12:59:33","date_gmt":"2022-04-28T15:59:33","guid":{"rendered":"https:\/\/agenciatrilhas.com.br\/cris\/?page_id=1250"},"modified":"2022-09-19T14:06:45","modified_gmt":"2022-09-19T17:06:45","slug":"palestrante-e-ministrante-de-cursos","status":"publish","type":"page","link":"https:\/\/agenciatrilhas.com.br\/cris\/palestrante-e-ministrante-de-cursos\/","title":{"rendered":"Palestrante e Ministrante de Cursos"},"content":{"rendered":"\t\t<div data-elementor-type=\"wp-page\" data-elementor-id=\"1250\" class=\"elementor elementor-1250\" data-elementor-settings=\"[]\">\n\t\t\t\t\t\t\t<div class=\"elementor-section-wrap\">\n\t\t\t\t\t\t\t<section class=\"elementor-section elementor-top-section elementor-element elementor-element-0af069e elementor-section-boxed elementor-section-height-default elementor-section-height-default\" data-id=\"0af069e\" data-element_type=\"section\" data-settings=\"{&quot;background_background&quot;:&quot;classic&quot;}\">\n\t\t\t\t\t\t\t<div class=\"elementor-background-overlay\"><\/div>\n\t\t\t\t\t\t\t<div class=\"elementor-container elementor-column-gap-no\">\n\t\t\t\t\t<div class=\"elementor-column elementor-col-100 elementor-top-column elementor-element elementor-element-0ea9456\" data-id=\"0ea9456\" data-element_type=\"column\">\n\t\t\t<div class=\"elementor-widget-wrap elementor-element-populated\">\n\t\t\t\t\t\t\t\t\t<\/div>\n\t\t<\/div>\n\t\t\t\t\t\t\t<\/div>\n\t\t<\/section>\n\t\t\t\t<section class=\"elementor-section elementor-top-section elementor-element elementor-element-4cc52a8 elementor-section-boxed elementor-section-height-default elementor-section-height-default\" data-id=\"4cc52a8\" data-element_type=\"section\">\n\t\t\t\t\t\t<div class=\"elementor-container elementor-column-gap-no\">\n\t\t\t\t\t<div class=\"elementor-column elementor-col-100 elementor-top-column elementor-element elementor-element-25a2d6d\" data-id=\"25a2d6d\" data-element_type=\"column\">\n\t\t\t<div class=\"elementor-widget-wrap elementor-element-populated\">\n\t\t\t\t\t\t\t\t<div class=\"elementor-element elementor-element-a8fc5b8 elementor-widget elementor-widget-text-editor\" data-id=\"a8fc5b8\" data-element_type=\"widget\" data-widget_type=\"text-editor.default\">\n\t\t\t\t<div class=\"elementor-widget-container\">\n\t\t\t\t\t<div class=\"elementor-text-editor elementor-clearfix\"><p><strong>&#8220;A mente que se abre a uma nova ideia, jamais voltar\u00e1 ao seu tamanho original.&#8221;<\/strong> (Albert Einstein)<\/p><p><strong>&#8220;Identifique e desenvolva o que precisa ser potencializado e transformado em voc\u00ea, a fim de que viva a jornada e evolu\u00e7\u00e3o do seu processo de autoconhecimento. Esteja disposto a aprender sempre e isso mudar\u00e1 a sua percep\u00e7\u00e3o de mundo.&#8221;<\/strong><\/p><p>Minha trajet\u00f3ria profissional, tamb\u00e9m proporcionou grande experi\u00eancia como Palestrante e Ministrante de Cursos na \u00e1rea comportamental.<\/p><p><strong>Principais Temas:<\/strong><\/p><p>1. O Poder da Autorresponsabilidade<br \/>2. O Poder da A\u00e7\u00e3o<br \/>3. Poder e Alta Performance<br \/>4. Autoconhecimento<br \/>5. Perfil Comportamental<br \/>6. Intelig\u00eancia Emocional<br \/>7. Coaching<br \/>8. Estilos de Lideran\u00e7a<\/p><\/div>\n\t\t\t\t<\/div>\n\t\t\t\t<\/div>\n\t\t\t\t\t<\/div>\n\t\t<\/div>\n\t\t\t\t\t\t\t<\/div>\n\t\t<\/section>\n\t\t\t\t\t\t<\/div>\n\t\t\t\t\t<\/div>\n\t\t","protected":false},"excerpt":{"rendered":"<p>&#8220;A mente que se abre a uma nova ideia, jamais voltar\u00e1 ao seu tamanho original.&#8221; (Albert Einstein) &#8220;Identifique e desenvolva o que precisa ser potencializado e transformado em voc\u00ea, a fim de que viva a jornada e evolu\u00e7\u00e3o do seu processo de autoconhecimento. Esteja disposto a aprender sempre e isso mudar\u00e1 a sua percep\u00e7\u00e3o de [&hellip;]<\/p>\n","protected":false},"author":1,"featured_media":0,"parent":0,"menu_order":0,"comment_status":"closed","ping_status":"closed","template":"","meta":{"footnotes":""},"class_list":["post-1250","page","type-page","status-publish","hentry"],"yoast_head":"<!-- This site is optimized with the Yoast SEO plugin v18.3 - https:\/\/yoast.com\/wordpress\/plugins\/seo\/ -->\n<title>Palestrante e Ministrante de Cursos - Cristina Marcussi Bonatto<\/title>\n<meta name=\"robots\" content=\"index, follow, max-snippet:-1, max-image-preview:large, max-video-preview:-1\" \/>\n<link rel=\"canonical\" href=\"https:\/\/agenciatrilhas.com.br\/cris\/palestrante-e-ministrante-de-cursos\/\" \/>\n<meta property=\"og:locale\" content=\"pt_BR\" \/>\n<meta property=\"og:type\" content=\"article\" \/>\n<meta property=\"og:title\" content=\"Palestrante e Ministrante de Cursos - Cristina Marcussi Bonatto\" \/>\n<meta property=\"og:description\" content=\"&#8220;A mente que se abre a uma nova ideia, jamais voltar\u00e1 ao seu tamanho original.&#8221; (Albert Einstein) &#8220;Identifique e desenvolva o que precisa ser potencializado e transformado em voc\u00ea, a fim de que viva a jornada e evolu\u00e7\u00e3o do seu processo de autoconhecimento. Esteja disposto a aprender sempre e isso mudar\u00e1 a sua percep\u00e7\u00e3o de [&hellip;]\" \/>\n<meta property=\"og:url\" content=\"https:\/\/agenciatrilhas.com.br\/cris\/palestrante-e-ministrante-de-cursos\/\" \/>\n<meta property=\"og:site_name\" content=\"Cristina Marcussi Bonatto\" \/>\n<meta property=\"article:modified_time\" content=\"2022-09-19T17:06:45+00:00\" \/>\n<meta name=\"twitter:card\" content=\"summary_large_image\" \/>\n<meta name=\"twitter:label1\" content=\"Est. tempo de leitura\" \/>\n\t<meta name=\"twitter:data1\" content=\"1 minuto\" \/>\n<script type=\"application\/ld+json\" class=\"yoast-schema-graph\">{\"@context\":\"https:\/\/schema.org\",\"@graph\":[{\"@type\":\"WebSite\",\"@id\":\"https:\/\/agenciatrilhas.com.br\/cris\/#website\",\"url\":\"https:\/\/agenciatrilhas.com.br\/cris\/\",\"name\":\"Cristina Marcussi Bonatto\",\"description\":\"Desenvolvimento\",\"potentialAction\":[{\"@type\":\"SearchAction\",\"target\":{\"@type\":\"EntryPoint\",\"urlTemplate\":\"https:\/\/agenciatrilhas.com.br\/cris\/?s={search_term_string}\"},\"query-input\":\"required name=search_term_string\"}],\"inLanguage\":\"pt-BR\"},{\"@type\":\"WebPage\",\"@id\":\"https:\/\/agenciatrilhas.com.br\/cris\/palestrante-e-ministrante-de-cursos\/#webpage\",\"url\":\"https:\/\/agenciatrilhas.com.br\/cris\/palestrante-e-ministrante-de-cursos\/\",\"name\":\"Palestrante e Ministrante de Cursos - Cristina Marcussi Bonatto\",\"isPartOf\":{\"@id\":\"https:\/\/agenciatrilhas.com.br\/cris\/#website\"},\"datePublished\":\"2022-04-28T15:59:33+00:00\",\"dateModified\":\"2022-09-19T17:06:45+00:00\",\"breadcrumb\":{\"@id\":\"https:\/\/agenciatrilhas.com.br\/cris\/palestrante-e-ministrante-de-cursos\/#breadcrumb\"},\"inLanguage\":\"pt-BR\",\"potentialAction\":[{\"@type\":\"ReadAction\",\"target\":[\"https:\/\/agenciatrilhas.com.br\/cris\/palestrante-e-ministrante-de-cursos\/\"]}]},{\"@type\":\"BreadcrumbList\",\"@id\":\"https:\/\/agenciatrilhas.com.br\/cris\/palestrante-e-ministrante-de-cursos\/#breadcrumb\",\"itemListElement\":[{\"@type\":\"ListItem\",\"position\":1,\"name\":\"In\u00edcio\",\"item\":\"https:\/\/agenciatrilhas.com.br\/cris\/\"},{\"@type\":\"ListItem\",\"position\":2,\"name\":\"Palestrante e Ministrante de Cursos\"}]}]}<\/script>\n<!-- \/ Yoast SEO plugin. -->","yoast_head_json":{"title":"Palestrante e Ministrante de Cursos - Cristina Marcussi Bonatto","robots":{"index":"index","follow":"follow","max-snippet":"max-snippet:-1","max-image-preview":"max-image-preview:large","max-video-preview":"max-video-preview:-1"},"canonical":"https:\/\/agenciatrilhas.com.br\/cris\/palestrante-e-ministrante-de-cursos\/","og_locale":"pt_BR","og_type":"article","og_title":"Palestrante e Ministrante de Cursos - Cristina Marcussi Bonatto","og_description":"&#8220;A mente que se abre a uma nova ideia, jamais voltar\u00e1 ao seu tamanho original.&#8221; (Albert Einstein) &#8220;Identifique e desenvolva o que precisa ser potencializado e transformado em voc\u00ea, a fim de que viva a jornada e evolu\u00e7\u00e3o do seu processo de autoconhecimento. Esteja disposto a aprender sempre e isso mudar\u00e1 a sua percep\u00e7\u00e3o de [&hellip;]","og_url":"https:\/\/agenciatrilhas.com.br\/cris\/palestrante-e-ministrante-de-cursos\/","og_site_name":"Cristina Marcussi Bonatto","article_modified_time":"2022-09-19T17:06:45+00:00","twitter_card":"summary_large_image","twitter_misc":{"Est. tempo de leitura":"1 minuto"},"schema":{"@context":"https:\/\/schema.org","@graph":[{"@type":"WebSite","@id":"https:\/\/agenciatrilhas.com.br\/cris\/#website","url":"https:\/\/agenciatrilhas.com.br\/cris\/","name":"Cristina Marcussi Bonatto","description":"Desenvolvimento","potentialAction":[{"@type":"SearchAction","target":{"@type":"EntryPoint","urlTemplate":"https:\/\/agenciatrilhas.com.br\/cris\/?s={search_term_string}"},"query-input":"required name=search_term_string"}],"inLanguage":"pt-BR"},{"@type":"WebPage","@id":"https:\/\/agenciatrilhas.com.br\/cris\/palestrante-e-ministrante-de-cursos\/#webpage","url":"https:\/\/agenciatrilhas.com.br\/cris\/palestrante-e-ministrante-de-cursos\/","name":"Palestrante e Ministrante de Cursos - Cristina Marcussi Bonatto","isPartOf":{"@id":"https:\/\/agenciatrilhas.com.br\/cris\/#website"},"datePublished":"2022-04-28T15:59:33+00:00","dateModified":"2022-09-19T17:06:45+00:00","breadcrumb":{"@id":"https:\/\/agenciatrilhas.com.br\/cris\/palestrante-e-ministrante-de-cursos\/#breadcrumb"},"inLanguage":"pt-BR","potentialAction":[{"@type":"ReadAction","target":["https:\/\/agenciatrilhas.com.br\/cris\/palestrante-e-ministrante-de-cursos\/"]}]},{"@type":"BreadcrumbList","@id":"https:\/\/agenciatrilhas.com.br\/cris\/palestrante-e-ministrante-de-cursos\/#breadcrumb","itemListElement":[{"@type":"ListItem","position":1,"name":"In\u00edcio","item":"https:\/\/agenciatrilhas.com.br\/cris\/"},{"@type":"ListItem","position":2,"name":"Palestrante e Ministrante de Cursos"}]}]}},"_links":{"self":[{"href":"https:\/\/agenciatrilhas.com.br\/cris\/wp-json\/wp\/v2\/pages\/1250","targetHints":{"allow":["GET"]}}],"collection":[{"href":"https:\/\/agenciatrilhas.com.br\/cris\/wp-json\/wp\/v2\/pages"}],"about":[{"href":"https:\/\/agenciatrilhas.com.br\/cris\/wp-json\/wp\/v2\/types\/page"}],"author":[{"embeddable":true,"href":"https:\/\/agenciatrilhas.com.br\/cris\/wp-json\/wp\/v2\/users\/1"}],"replies":[{"embeddable":true,"href":"https:\/\/agenciatrilhas.com.br\/cris\/wp-json\/wp\/v2\/comments?post=1250"}],"version-history":[{"count":31,"href":"https:\/\/agenciatrilhas.com.br\/cris\/wp-json\/wp\/v2\/pages\/1250\/revisions"}],"predecessor-version":[{"id":2220,"href":"https:\/\/agenciatrilhas.com.br\/cris\/wp-json\/wp\/v2\/pages\/1250\/revisions\/2220"}],"wp:attachment":[{"href":"https:\/\/agenciatrilhas.com.br\/cris\/wp-json\/wp\/v2\/media?parent=1250"}],"curies":[{"name":"wp","href":"https:\/\/api.w.org\/{rel}","templated":true}]}}