{"id":415,"date":"2021-12-13T14:08:09","date_gmt":"2021-12-13T17:08:09","guid":{"rendered":"https:\/\/agenciatrilhas.com.br\/cris\/?page_id=415"},"modified":"2022-09-19T12:09:38","modified_gmt":"2022-09-19T15:09:38","slug":"cristina-marcussi-bonatto","status":"publish","type":"page","link":"https:\/\/agenciatrilhas.com.br\/cris\/cristina-marcussi-bonatto\/","title":{"rendered":"Cristina Marcussi Bonatto"},"content":{"rendered":"\t\t<div data-elementor-type=\"wp-page\" data-elementor-id=\"415\" class=\"elementor elementor-415\" data-elementor-settings=\"[]\">\n\t\t\t\t\t\t\t<div class=\"elementor-section-wrap\">\n\t\t\t\t\t\t\t<section class=\"elementor-section elementor-top-section elementor-element elementor-element-405296c elementor-section-boxed elementor-section-height-default elementor-section-height-default\" data-id=\"405296c\" data-element_type=\"section\" data-settings=\"{&quot;background_background&quot;:&quot;classic&quot;}\">\n\t\t\t\t\t\t\t<div class=\"elementor-background-overlay\"><\/div>\n\t\t\t\t\t\t\t<div class=\"elementor-container elementor-column-gap-no\">\n\t\t\t\t\t<div class=\"elementor-column elementor-col-100 elementor-top-column elementor-element elementor-element-66892e4\" data-id=\"66892e4\" data-element_type=\"column\">\n\t\t\t<div class=\"elementor-widget-wrap elementor-element-populated\">\n\t\t\t\t\t\t\t\t\t<\/div>\n\t\t<\/div>\n\t\t\t\t\t\t\t<\/div>\n\t\t<\/section>\n\t\t\t\t<section class=\"elementor-section elementor-top-section elementor-element elementor-element-888626b elementor-section-boxed elementor-section-height-default elementor-section-height-default\" data-id=\"888626b\" data-element_type=\"section\" data-settings=\"{&quot;background_background&quot;:&quot;classic&quot;}\">\n\t\t\t\t\t\t<div class=\"elementor-container elementor-column-gap-no\">\n\t\t\t\t\t<div class=\"elementor-column elementor-col-50 elementor-top-column elementor-element elementor-element-ab8ea98\" data-id=\"ab8ea98\" data-element_type=\"column\">\n\t\t\t<div class=\"elementor-widget-wrap elementor-element-populated\">\n\t\t\t\t\t\t\t\t<div class=\"elementor-element elementor-element-aa01f34 elementor-widget elementor-widget-text-editor\" data-id=\"aa01f34\" data-element_type=\"widget\" data-widget_type=\"text-editor.default\">\n\t\t\t\t<div class=\"elementor-widget-container\">\n\t\t\t\t\t<div class=\"elementor-text-editor elementor-clearfix\"><p>Meu objetivo \u00e9 facilitar, a partir de metodologias e t\u00e9cnicas cientificamente comprovadas, que indiv\u00edduos acessem e exercitem o processo do autoconhecimento, permitindo dessa forma, que cada um possa identificar e potencializar suas fortalezas, desenvolvendo o que for necess\u00e1rio para evoluir cada vez mais como profissional e ser humano.<\/p><\/div>\n\t\t\t\t<\/div>\n\t\t\t\t<\/div>\n\t\t\t\t<div class=\"elementor-element elementor-element-e7fdb9e elementor-widget elementor-widget-image\" data-id=\"e7fdb9e\" data-element_type=\"widget\" data-widget_type=\"image.default\">\n\t\t\t\t<div class=\"elementor-widget-container\">\n\t\t\t\t\t<div class=\"elementor-image\">\n\t\t\t\t\t\t\t\t\t\t<img loading=\"lazy\" decoding=\"async\" width=\"99\" height=\"48\" src=\"https:\/\/agenciatrilhas.com.br\/cris\/wp-content\/uploads\/2022\/09\/cb.png\" class=\"attachment-medium_large size-medium_large\" alt=\"\" \/>\t\t\t\t\t\t\t\t\t\t\t<\/div>\n\t\t\t\t<\/div>\n\t\t\t\t<\/div>\n\t\t\t\t\t<\/div>\n\t\t<\/div>\n\t\t\t\t<div class=\"elementor-column elementor-col-50 elementor-top-column elementor-element elementor-element-a51a310\" data-id=\"a51a310\" data-element_type=\"column\">\n\t\t\t<div class=\"elementor-widget-wrap elementor-element-populated\">\n\t\t\t\t\t\t\t\t<div class=\"elementor-element elementor-element-f111695 elementor-widget elementor-widget-image\" data-id=\"f111695\" data-element_type=\"widget\" data-widget_type=\"image.default\">\n\t\t\t\t<div class=\"elementor-widget-container\">\n\t\t\t\t\t<div class=\"elementor-image\">\n\t\t\t\t\t\t\t\t\t\t<img loading=\"lazy\" decoding=\"async\" width=\"398\" height=\"800\" src=\"https:\/\/agenciatrilhas.com.br\/cris\/wp-content\/uploads\/2022\/09\/cris.png\" class=\"attachment-medium_large size-medium_large\" alt=\"\" srcset=\"https:\/\/agenciatrilhas.com.br\/cris\/wp-content\/uploads\/2022\/09\/cris.png 398w, https:\/\/agenciatrilhas.com.br\/cris\/wp-content\/uploads\/2022\/09\/cris-149x300.png 149w\" sizes=\"auto, (max-width: 398px) 100vw, 398px\" \/>\t\t\t\t\t\t\t\t\t\t\t<\/div>\n\t\t\t\t<\/div>\n\t\t\t\t<\/div>\n\t\t\t\t\t<\/div>\n\t\t<\/div>\n\t\t\t\t\t\t\t<\/div>\n\t\t<\/section>\n\t\t\t\t<section class=\"elementor-section elementor-top-section elementor-element elementor-element-97638d6 elementor-section-boxed elementor-section-height-default elementor-section-height-default\" data-id=\"97638d6\" data-element_type=\"section\" data-settings=\"{&quot;background_background&quot;:&quot;classic&quot;}\">\n\t\t\t\t\t\t<div class=\"elementor-container elementor-column-gap-no\">\n\t\t\t\t\t<div class=\"elementor-column elementor-col-100 elementor-top-column elementor-element elementor-element-ca7ea14\" data-id=\"ca7ea14\" data-element_type=\"column\">\n\t\t\t<div class=\"elementor-widget-wrap elementor-element-populated\">\n\t\t\t\t\t\t\t\t<div class=\"elementor-element elementor-element-a474f25 elementor-widget elementor-widget-image\" data-id=\"a474f25\" data-element_type=\"widget\" data-widget_type=\"image.default\">\n\t\t\t\t<div class=\"elementor-widget-container\">\n\t\t\t\t\t<div class=\"elementor-image\">\n\t\t\t\t\t\t\t\t\t\t<img loading=\"lazy\" decoding=\"async\" width=\"59\" height=\"80\" src=\"https:\/\/agenciatrilhas.com.br\/cris\/wp-content\/uploads\/2022\/09\/brilho.png\" class=\"attachment-medium_large size-medium_large\" alt=\"\" \/>\t\t\t\t\t\t\t\t\t\t\t<\/div>\n\t\t\t\t<\/div>\n\t\t\t\t<\/div>\n\t\t\t\t<div class=\"elementor-element elementor-element-33556cd elementor-widget elementor-widget-heading\" data-id=\"33556cd\" data-element_type=\"widget\" data-widget_type=\"heading.default\">\n\t\t\t\t<div class=\"elementor-widget-container\">\n\t\t\t<h3 class=\"elementor-heading-title elementor-size-default\">Psic\u00f3loga, P\u00f3s-Graduada em Administra\u00e7\u00e3o de RH pela FAAP (Funda\u00e7\u00e3o Armando Alvares Penteado), P\u00f3s Graduada em Varejo pelo PROVAR \/ USP, ela uniu sua paix\u00e3o pelo desenvolvimento humano e se tornou, em 2016, Master Coach e Analista de Perfil Comportamental, com o intuito de contribuir para a transforma\u00e7\u00e3o dos resultados das vidas das pessoas.<\/h3>\t\t<\/div>\n\t\t\t\t<\/div>\n\t\t\t\t<div class=\"elementor-element elementor-element-049daa7 elementor-widget elementor-widget-image\" data-id=\"049daa7\" data-element_type=\"widget\" data-widget_type=\"image.default\">\n\t\t\t\t<div class=\"elementor-widget-container\">\n\t\t\t\t\t<div class=\"elementor-image\">\n\t\t\t\t\t\t\t\t\t\t<img loading=\"lazy\" decoding=\"async\" width=\"59\" height=\"80\" src=\"https:\/\/agenciatrilhas.com.br\/cris\/wp-content\/uploads\/2022\/09\/brilho.png\" class=\"attachment-medium_large size-medium_large\" alt=\"\" \/>\t\t\t\t\t\t\t\t\t\t\t<\/div>\n\t\t\t\t<\/div>\n\t\t\t\t<\/div>\n\t\t\t\t\t<\/div>\n\t\t<\/div>\n\t\t\t\t\t\t\t<\/div>\n\t\t<\/section>\n\t\t\t\t<section class=\"elementor-section elementor-top-section elementor-element elementor-element-b665ed6 elementor-section-boxed elementor-section-height-default elementor-section-height-default\" data-id=\"b665ed6\" data-element_type=\"section\" data-settings=\"{&quot;background_background&quot;:&quot;classic&quot;}\">\n\t\t\t\t\t\t<div class=\"elementor-container elementor-column-gap-no\">\n\t\t\t\t\t<div class=\"elementor-column elementor-col-100 elementor-top-column elementor-element elementor-element-c8306b4\" data-id=\"c8306b4\" data-element_type=\"column\">\n\t\t\t<div class=\"elementor-widget-wrap elementor-element-populated\">\n\t\t\t\t\t\t\t\t<div class=\"elementor-element elementor-element-c973816 elementor-widget elementor-widget-text-editor\" data-id=\"c973816\" data-element_type=\"widget\" data-widget_type=\"text-editor.default\">\n\t\t\t\t<div class=\"elementor-widget-container\">\n\t\t\t\t\t<div class=\"elementor-text-editor elementor-clearfix\"><p>Em 2022, Cristina se tornou ainda membro fundador do BNI INFLUENCERS, grupo pertencente \u00e0 maior rede de networking de neg\u00f3cios do mundo, presente em quase 80 pa\u00edses.<\/p><h4>CURR\u00cdCULO PROFISSIONAL<\/h4><ul><li>Master Coach<\/li><li>Analista Perfil Comportamental<\/li><li>Ministrante Cursos<\/li><li>Ministradora Credenciada &#8211; Best Sellers do PhD em Coaching Dr Paulo Vieira<\/li><li>Palestrante<\/li><li>Membro Fundadora BNI Influencers (Business Networking International)<\/li><li>Consultora Organizacional &#8211; UniAlgar, Rede Energia, Akatu, TAM Linhas A\u00e9reas<\/li><li>Psic\u00f3loga RH- Cons\u00f3rcio Etanol \/ Camargo Correa &amp; Odebrechtd<\/li><li>Gerente RH &#8211; Grupo Carrefour; Grupo JD Agroneg\u00f3cios<\/li><\/ul><h4>CURR\u00cdCULO ACAD\u00caMICO<\/h4><ul><li>Master Coach Integral Sist\u00eamico \u2013 FEBRACIS (Federa\u00e7\u00e3o Brasileira de Coaching Integral Sist\u00eamico)<\/li><li>Certifica\u00e7\u00e3o Internacional em Coaching \u2013 Florida Christian University (Orlando, Florida \u2013 USA)<\/li><li>Certifica\u00e7\u00e3o como Analista Perfil Comportamental \u2013 CIS ASSESSMENT (FEBRACIS)<\/li><li>MBA em Master Varejo \u2013 PROVAR FIA\/USP SP<\/li><li>P\u00f3s-Graduada em Administra\u00e7\u00e3o de Recursos Humanos \u2013 FAAP \/ SP<\/li><li>Certifica\u00e7\u00e3o em Coaching Integrado \u2013 ICI (Integrated Coaching Institute)<\/li><li>Graduada em Psicologia \u2013 UFU (Universidade Federal de Uberl\u00e2ndia)<\/li><\/ul><\/div>\n\t\t\t\t<\/div>\n\t\t\t\t<\/div>\n\t\t\t\t\t<\/div>\n\t\t<\/div>\n\t\t\t\t\t\t\t<\/div>\n\t\t<\/section>\n\t\t\t\t\t\t<\/div>\n\t\t\t\t\t<\/div>\n\t\t","protected":false},"excerpt":{"rendered":"<p>Meu objetivo \u00e9 facilitar, a partir de metodologias e t\u00e9cnicas cientificamente comprovadas, que indiv\u00edduos acessem e exercitem o processo do autoconhecimento, permitindo dessa forma, que cada um possa identificar e potencializar suas fortalezas, desenvolvendo o que for necess\u00e1rio para evoluir cada vez mais como profissional e ser humano. Psic\u00f3loga, P\u00f3s-Graduada em Administra\u00e7\u00e3o de RH pela [&hellip;]<\/p>\n","protected":false},"author":1,"featured_media":0,"parent":0,"menu_order":0,"comment_status":"closed","ping_status":"closed","template":"","meta":{"footnotes":""},"class_list":["post-415","page","type-page","status-publish","hentry"],"yoast_head":"<!-- This site is optimized with the Yoast SEO plugin v18.3 - https:\/\/yoast.com\/wordpress\/plugins\/seo\/ -->\n<title>Cristina Marcussi Bonatto - Cristina Marcussi Bonatto<\/title>\n<meta name=\"robots\" content=\"index, follow, max-snippet:-1, max-image-preview:large, max-video-preview:-1\" \/>\n<link rel=\"canonical\" href=\"https:\/\/agenciatrilhas.com.br\/cris\/cristina-marcussi-bonatto\/\" \/>\n<meta property=\"og:locale\" content=\"pt_BR\" \/>\n<meta property=\"og:type\" content=\"article\" \/>\n<meta property=\"og:title\" content=\"Cristina Marcussi Bonatto - Cristina Marcussi Bonatto\" \/>\n<meta property=\"og:description\" content=\"Meu objetivo \u00e9 facilitar, a partir de metodologias e t\u00e9cnicas cientificamente comprovadas, que indiv\u00edduos acessem e exercitem o processo do autoconhecimento, permitindo dessa forma, que cada um possa identificar e potencializar suas fortalezas, desenvolvendo o que for necess\u00e1rio para evoluir cada vez mais como profissional e ser humano. Psic\u00f3loga, P\u00f3s-Graduada em Administra\u00e7\u00e3o de RH pela [&hellip;]\" \/>\n<meta property=\"og:url\" content=\"https:\/\/agenciatrilhas.com.br\/cris\/cristina-marcussi-bonatto\/\" \/>\n<meta property=\"og:site_name\" content=\"Cristina Marcussi Bonatto\" \/>\n<meta property=\"article:modified_time\" content=\"2022-09-19T15:09:38+00:00\" \/>\n<meta property=\"og:image\" content=\"http:\/\/agenciatrilhas.com.br\/cris\/wp-content\/uploads\/2022\/09\/cb.png\" \/>\n<meta name=\"twitter:card\" content=\"summary_large_image\" \/>\n<meta name=\"twitter:label1\" content=\"Est. tempo de leitura\" \/>\n\t<meta name=\"twitter:data1\" content=\"3 minutos\" \/>\n<script type=\"application\/ld+json\" class=\"yoast-schema-graph\">{\"@context\":\"https:\/\/schema.org\",\"@graph\":[{\"@type\":\"WebSite\",\"@id\":\"https:\/\/agenciatrilhas.com.br\/cris\/#website\",\"url\":\"https:\/\/agenciatrilhas.com.br\/cris\/\",\"name\":\"Cristina Marcussi Bonatto\",\"description\":\"Desenvolvimento\",\"potentialAction\":[{\"@type\":\"SearchAction\",\"target\":{\"@type\":\"EntryPoint\",\"urlTemplate\":\"https:\/\/agenciatrilhas.com.br\/cris\/?s={search_term_string}\"},\"query-input\":\"required name=search_term_string\"}],\"inLanguage\":\"pt-BR\"},{\"@type\":\"ImageObject\",\"@id\":\"https:\/\/agenciatrilhas.com.br\/cris\/cristina-marcussi-bonatto\/#primaryimage\",\"inLanguage\":\"pt-BR\",\"url\":\"https:\/\/agenciatrilhas.com.br\/cris\/wp-content\/uploads\/2022\/09\/cb.png\",\"contentUrl\":\"https:\/\/agenciatrilhas.com.br\/cris\/wp-content\/uploads\/2022\/09\/cb.png\",\"width\":99,\"height\":48},{\"@type\":\"WebPage\",\"@id\":\"https:\/\/agenciatrilhas.com.br\/cris\/cristina-marcussi-bonatto\/#webpage\",\"url\":\"https:\/\/agenciatrilhas.com.br\/cris\/cristina-marcussi-bonatto\/\",\"name\":\"Cristina Marcussi Bonatto - Cristina Marcussi Bonatto\",\"isPartOf\":{\"@id\":\"https:\/\/agenciatrilhas.com.br\/cris\/#website\"},\"primaryImageOfPage\":{\"@id\":\"https:\/\/agenciatrilhas.com.br\/cris\/cristina-marcussi-bonatto\/#primaryimage\"},\"datePublished\":\"2021-12-13T17:08:09+00:00\",\"dateModified\":\"2022-09-19T15:09:38+00:00\",\"breadcrumb\":{\"@id\":\"https:\/\/agenciatrilhas.com.br\/cris\/cristina-marcussi-bonatto\/#breadcrumb\"},\"inLanguage\":\"pt-BR\",\"potentialAction\":[{\"@type\":\"ReadAction\",\"target\":[\"https:\/\/agenciatrilhas.com.br\/cris\/cristina-marcussi-bonatto\/\"]}]},{\"@type\":\"BreadcrumbList\",\"@id\":\"https:\/\/agenciatrilhas.com.br\/cris\/cristina-marcussi-bonatto\/#breadcrumb\",\"itemListElement\":[{\"@type\":\"ListItem\",\"position\":1,\"name\":\"In\u00edcio\",\"item\":\"https:\/\/agenciatrilhas.com.br\/cris\/\"},{\"@type\":\"ListItem\",\"position\":2,\"name\":\"Cristina Marcussi Bonatto\"}]}]}<\/script>\n<!-- \/ Yoast SEO plugin. -->","yoast_head_json":{"title":"Cristina Marcussi Bonatto - Cristina Marcussi Bonatto","robots":{"index":"index","follow":"follow","max-snippet":"max-snippet:-1","max-image-preview":"max-image-preview:large","max-video-preview":"max-video-preview:-1"},"canonical":"https:\/\/agenciatrilhas.com.br\/cris\/cristina-marcussi-bonatto\/","og_locale":"pt_BR","og_type":"article","og_title":"Cristina Marcussi Bonatto - Cristina Marcussi Bonatto","og_description":"Meu objetivo \u00e9 facilitar, a partir de metodologias e t\u00e9cnicas cientificamente comprovadas, que indiv\u00edduos acessem e exercitem o processo do autoconhecimento, permitindo dessa forma, que cada um possa identificar e potencializar suas fortalezas, desenvolvendo o que for necess\u00e1rio para evoluir cada vez mais como profissional e ser humano. Psic\u00f3loga, P\u00f3s-Graduada em Administra\u00e7\u00e3o de RH pela [&hellip;]","og_url":"https:\/\/agenciatrilhas.com.br\/cris\/cristina-marcussi-bonatto\/","og_site_name":"Cristina Marcussi Bonatto","article_modified_time":"2022-09-19T15:09:38+00:00","og_image":[{"url":"http:\/\/agenciatrilhas.com.br\/cris\/wp-content\/uploads\/2022\/09\/cb.png"}],"twitter_card":"summary_large_image","twitter_misc":{"Est. tempo de leitura":"3 minutos"},"schema":{"@context":"https:\/\/schema.org","@graph":[{"@type":"WebSite","@id":"https:\/\/agenciatrilhas.com.br\/cris\/#website","url":"https:\/\/agenciatrilhas.com.br\/cris\/","name":"Cristina Marcussi Bonatto","description":"Desenvolvimento","potentialAction":[{"@type":"SearchAction","target":{"@type":"EntryPoint","urlTemplate":"https:\/\/agenciatrilhas.com.br\/cris\/?s={search_term_string}"},"query-input":"required name=search_term_string"}],"inLanguage":"pt-BR"},{"@type":"ImageObject","@id":"https:\/\/agenciatrilhas.com.br\/cris\/cristina-marcussi-bonatto\/#primaryimage","inLanguage":"pt-BR","url":"https:\/\/agenciatrilhas.com.br\/cris\/wp-content\/uploads\/2022\/09\/cb.png","contentUrl":"https:\/\/agenciatrilhas.com.br\/cris\/wp-content\/uploads\/2022\/09\/cb.png","width":99,"height":48},{"@type":"WebPage","@id":"https:\/\/agenciatrilhas.com.br\/cris\/cristina-marcussi-bonatto\/#webpage","url":"https:\/\/agenciatrilhas.com.br\/cris\/cristina-marcussi-bonatto\/","name":"Cristina Marcussi Bonatto - Cristina Marcussi Bonatto","isPartOf":{"@id":"https:\/\/agenciatrilhas.com.br\/cris\/#website"},"primaryImageOfPage":{"@id":"https:\/\/agenciatrilhas.com.br\/cris\/cristina-marcussi-bonatto\/#primaryimage"},"datePublished":"2021-12-13T17:08:09+00:00","dateModified":"2022-09-19T15:09:38+00:00","breadcrumb":{"@id":"https:\/\/agenciatrilhas.com.br\/cris\/cristina-marcussi-bonatto\/#breadcrumb"},"inLanguage":"pt-BR","potentialAction":[{"@type":"ReadAction","target":["https:\/\/agenciatrilhas.com.br\/cris\/cristina-marcussi-bonatto\/"]}]},{"@type":"BreadcrumbList","@id":"https:\/\/agenciatrilhas.com.br\/cris\/cristina-marcussi-bonatto\/#breadcrumb","itemListElement":[{"@type":"ListItem","position":1,"name":"In\u00edcio","item":"https:\/\/agenciatrilhas.com.br\/cris\/"},{"@type":"ListItem","position":2,"name":"Cristina Marcussi Bonatto"}]}]}},"_links":{"self":[{"href":"https:\/\/agenciatrilhas.com.br\/cris\/wp-json\/wp\/v2\/pages\/415","targetHints":{"allow":["GET"]}}],"collection":[{"href":"https:\/\/agenciatrilhas.com.br\/cris\/wp-json\/wp\/v2\/pages"}],"about":[{"href":"https:\/\/agenciatrilhas.com.br\/cris\/wp-json\/wp\/v2\/types\/page"}],"author":[{"embeddable":true,"href":"https:\/\/agenciatrilhas.com.br\/cris\/wp-json\/wp\/v2\/users\/1"}],"replies":[{"embeddable":true,"href":"https:\/\/agenciatrilhas.com.br\/cris\/wp-json\/wp\/v2\/comments?post=415"}],"version-history":[{"count":197,"href":"https:\/\/agenciatrilhas.com.br\/cris\/wp-json\/wp\/v2\/pages\/415\/revisions"}],"predecessor-version":[{"id":2145,"href":"https:\/\/agenciatrilhas.com.br\/cris\/wp-json\/wp\/v2\/pages\/415\/revisions\/2145"}],"wp:attachment":[{"href":"https:\/\/agenciatrilhas.com.br\/cris\/wp-json\/wp\/v2\/media?parent=415"}],"curies":[{"name":"wp","href":"https:\/\/api.w.org\/{rel}","templated":true}]}}